{"id":2639,"date":"2025-07-08T18:01:17","date_gmt":"2025-07-08T16:01:17","guid":{"rendered":"https:\/\/masdecolom.com\/agenda-calendari\/"},"modified":"2026-03-30T13:31:35","modified_gmt":"2026-03-30T11:31:35","slug":"agenda-calendario","status":"publish","type":"page","link":"https:\/\/masdecolom.com\/es\/agenda-calendario\/","title":{"rendered":"Agenda-Calendario"},"content":{"rendered":"\n<p>Estas son las actividades y eventos especiales de Mas de Colom - Casa Borges.<br>\u00a1No te pierdas ning\u00fan detalle y mantente al d\u00eda de las novedades, actividades, espect\u00e1culos, showcookings y mucho m\u00e1s!<\/p>\n\n\n\n<p>Pr\u00f3ximamente:<br><strong>Escape Camp<\/strong><br>9 de mayo<br>Un mapa, m\u00e1s de veinte hitos y muchos puntos para ganar\u2026 \u00a1La visita de entorno definitiva a la finca de Mas de Col\u00f3n - Casa Borges! Haz tu equipo y ven a disfrutar con amigos, amigas o en familia en el \u00abEscape Camp\u00bb.<\/p>\n\n\n\n<p><strong>1938. Memorias de un Hospital en Mas de Colom<\/strong><br>23 y 24 de mayo<br>Ven a descubrir la parte m\u00e1s humana de un hospital en el frente de Guerra. Conoce a sus protagonistas entregados al servicio sanitario a trav\u00e9s de una visita guiada que te transportar\u00e1 hasta el a\u00f1o 1938.<\/p>\n\n\n\n<p><strong>Cu\u00eddate con Borges<\/strong><br>6 de junio<br>Dicen que \u00abmente sana en cuerpo sano\u00bb y por eso, desde Borges queremos ofrecer actividades enfocadas a cuidarse para poder conocer lo que es mejor para nuestra salud. A trav\u00e9s de las actividades que tenemos preparadas, podr\u00e1s descubrir t\u00e9cnicas para mejorar tus h\u00e1bitos y tambi\u00e9n para reconectar y alinear mente y cuerpo.<\/p>\n","protected":false},"excerpt":{"rendered":"<p>Estas son las actividades y eventos especiales de Mas de Colom - Casa Borges.\u00a1No te pierdas ning\u00fan detalle y mantente al d\u00eda de las novedades, actividades, espect\u00e1culos, showcookings y mucho m\u00e1s! Pr\u00f3ximamente:Escape Camp9 de mayoUn mapa, m\u00e1s de veinte hitos y muchos puntos para ganar\u2026 \u00a1La visita de entorno definitiva a la finca de Mas [&hellip;]<\/p>\n","protected":false},"author":1,"featured_media":0,"parent":0,"menu_order":0,"comment_status":"closed","ping_status":"closed","template":"","meta":{"_acf_changed":false,"footnotes":""},"pages_templates":[],"class_list":["post-2639","page","type-page","status-publish","hentry"],"acf":[],"yoast_head":"<!-- This site is optimized with the Yoast SEO plugin v27.3 - https:\/\/yoast.com\/product\/yoast-seo-wordpress\/ -->\n<title>Agenda-Calendario - Mas de Colom<\/title>\n<meta name=\"robots\" content=\"noindex, nofollow\" \/>\n<meta property=\"og:locale\" content=\"es_ES\" \/>\n<meta property=\"og:type\" content=\"article\" \/>\n<meta property=\"og:title\" content=\"Agenda-Calendario - Mas de Colom\" \/>\n<meta property=\"og:description\" content=\"Estas son las actividades y eventos especiales de Mas de Colom - Casa Borges.\u00a1No te pierdas ning\u00fan detalle y mantente al d\u00eda de las novedades, actividades, espect\u00e1culos, showcookings y mucho m\u00e1s! Pr\u00f3ximamente:Escape Camp9 de mayoUn mapa, m\u00e1s de veinte hitos y muchos puntos para ganar\u2026 \u00a1La visita de entorno definitiva a la finca de Mas [&hellip;]\" \/>\n<meta property=\"og:url\" content=\"https:\/\/masdecolom.com\/es\/agenda-calendario\/\" \/>\n<meta property=\"og:site_name\" content=\"Mas de Colom\" \/>\n<meta property=\"article:modified_time\" content=\"2026-03-30T11:31:35+00:00\" \/>\n<meta name=\"twitter:card\" content=\"summary_large_image\" \/>\n<meta name=\"twitter:label1\" content=\"Tiempo de lectura\" \/>\n\t<meta name=\"twitter:data1\" content=\"1 minuto\" \/>\n<script type=\"application\/ld+json\" class=\"yoast-schema-graph\">{\"@context\":\"https:\\\/\\\/schema.org\",\"@graph\":[{\"@type\":\"WebPage\",\"@id\":\"https:\\\/\\\/masdecolom.com\\\/es\\\/agenda-calendario\\\/\",\"url\":\"https:\\\/\\\/masdecolom.com\\\/es\\\/agenda-calendario\\\/\",\"name\":\"Agenda-Calendario - Mas de Colom\",\"isPartOf\":{\"@id\":\"https:\\\/\\\/masdecolom.com\\\/es\\\/#website\"},\"datePublished\":\"2025-07-08T16:01:17+00:00\",\"dateModified\":\"2026-03-30T11:31:35+00:00\",\"breadcrumb\":{\"@id\":\"https:\\\/\\\/masdecolom.com\\\/es\\\/agenda-calendario\\\/#breadcrumb\"},\"inLanguage\":\"es\",\"potentialAction\":[{\"@type\":\"ReadAction\",\"target\":[\"https:\\\/\\\/masdecolom.com\\\/es\\\/agenda-calendario\\\/\"]}]},{\"@type\":\"BreadcrumbList\",\"@id\":\"https:\\\/\\\/masdecolom.com\\\/es\\\/agenda-calendario\\\/#breadcrumb\",\"itemListElement\":[{\"@type\":\"ListItem\",\"position\":1,\"name\":\"Inici\",\"item\":\"https:\\\/\\\/masdecolom.com\\\/es\\\/\"},{\"@type\":\"ListItem\",\"position\":2,\"name\":\"Agenda-Calendario\"}]},{\"@type\":\"WebSite\",\"@id\":\"https:\\\/\\\/masdecolom.com\\\/es\\\/#website\",\"url\":\"https:\\\/\\\/masdecolom.com\\\/es\\\/\",\"name\":\"Mas de Colom\",\"description\":\"Casa Borges\",\"potentialAction\":[{\"@type\":\"SearchAction\",\"target\":{\"@type\":\"EntryPoint\",\"urlTemplate\":\"https:\\\/\\\/masdecolom.com\\\/es\\\/?s={search_term_string}\"},\"query-input\":{\"@type\":\"PropertyValueSpecification\",\"valueRequired\":true,\"valueName\":\"search_term_string\"}}],\"inLanguage\":\"es\"}]}<\/script>\n<!-- \/ Yoast SEO plugin. -->","yoast_head_json":{"title":"Agenda-Calendario - Mas de Colom","robots":{"index":"noindex","follow":"nofollow"},"og_locale":"es_ES","og_type":"article","og_title":"Agenda-Calendario - Mas de Colom","og_description":"Estas son las actividades y eventos especiales de Mas de Colom - Casa Borges.\u00a1No te pierdas ning\u00fan detalle y mantente al d\u00eda de las novedades, actividades, espect\u00e1culos, showcookings y mucho m\u00e1s! Pr\u00f3ximamente:Escape Camp9 de mayoUn mapa, m\u00e1s de veinte hitos y muchos puntos para ganar\u2026 \u00a1La visita de entorno definitiva a la finca de Mas [&hellip;]","og_url":"https:\/\/masdecolom.com\/es\/agenda-calendario\/","og_site_name":"Mas de Colom","article_modified_time":"2026-03-30T11:31:35+00:00","twitter_card":"summary_large_image","twitter_misc":{"Tiempo de lectura":"1 minuto"},"schema":{"@context":"https:\/\/schema.org","@graph":[{"@type":"WebPage","@id":"https:\/\/masdecolom.com\/es\/agenda-calendario\/","url":"https:\/\/masdecolom.com\/es\/agenda-calendario\/","name":"Agenda-Calendario - Mas de Colom","isPartOf":{"@id":"https:\/\/masdecolom.com\/es\/#website"},"datePublished":"2025-07-08T16:01:17+00:00","dateModified":"2026-03-30T11:31:35+00:00","breadcrumb":{"@id":"https:\/\/masdecolom.com\/es\/agenda-calendario\/#breadcrumb"},"inLanguage":"es","potentialAction":[{"@type":"ReadAction","target":["https:\/\/masdecolom.com\/es\/agenda-calendario\/"]}]},{"@type":"BreadcrumbList","@id":"https:\/\/masdecolom.com\/es\/agenda-calendario\/#breadcrumb","itemListElement":[{"@type":"ListItem","position":1,"name":"Inici","item":"https:\/\/masdecolom.com\/es\/"},{"@type":"ListItem","position":2,"name":"Agenda-Calendario"}]},{"@type":"WebSite","@id":"https:\/\/masdecolom.com\/es\/#website","url":"https:\/\/masdecolom.com\/es\/","name":"Mas de Colom","description":"Casa Borges","potentialAction":[{"@type":"SearchAction","target":{"@type":"EntryPoint","urlTemplate":"https:\/\/masdecolom.com\/es\/?s={search_term_string}"},"query-input":{"@type":"PropertyValueSpecification","valueRequired":true,"valueName":"search_term_string"}}],"inLanguage":"es"}]}},"_links":{"self":[{"href":"https:\/\/masdecolom.com\/es\/wp-json\/wp\/v2\/pages\/2639","targetHints":{"allow":["GET"]}}],"collection":[{"href":"https:\/\/masdecolom.com\/es\/wp-json\/wp\/v2\/pages"}],"about":[{"href":"https:\/\/masdecolom.com\/es\/wp-json\/wp\/v2\/types\/page"}],"author":[{"embeddable":true,"href":"https:\/\/masdecolom.com\/es\/wp-json\/wp\/v2\/users\/1"}],"replies":[{"embeddable":true,"href":"https:\/\/masdecolom.com\/es\/wp-json\/wp\/v2\/comments?post=2639"}],"version-history":[{"count":6,"href":"https:\/\/masdecolom.com\/es\/wp-json\/wp\/v2\/pages\/2639\/revisions"}],"predecessor-version":[{"id":2876,"href":"https:\/\/masdecolom.com\/es\/wp-json\/wp\/v2\/pages\/2639\/revisions\/2876"}],"wp:attachment":[{"href":"https:\/\/masdecolom.com\/es\/wp-json\/wp\/v2\/media?parent=2639"}],"wp:term":[{"taxonomy":"pages_templates","embeddable":true,"href":"https:\/\/masdecolom.com\/es\/wp-json\/wp\/v2\/pages_templates?post=2639"}],"curies":[{"name":"wp","href":"https:\/\/api.w.org\/{rel}","templated":true}]}}