{"id":296,"date":"2021-09-21T17:09:01","date_gmt":"2021-09-21T15:09:01","guid":{"rendered":"http:\/\/mascoloms.volcanicvalley.com\/aviso-legal\/"},"modified":"2023-06-14T13:07:24","modified_gmt":"2023-06-14T11:07:24","slug":"aviso-legal","status":"publish","type":"page","link":"https:\/\/masdecolom.com\/es\/aviso-legal\/","title":{"rendered":"Aviso legal y condiciones de compra"},"content":{"rendered":"\n<p><strong>Condiciones de Uso del portal<\/strong><\/p>\n\n\n\n<p>Mediante esta p\u00e1gina web se facilita el acceso al portal web de BORGES INTERNATIONAL GROUP, en adelante BIG. El hecho de conectarse a esta p\u00e1gina web implica la aceptaci\u00f3n del presente Aviso Legal.<\/p>\n\n\n\n<p><strong>Identificaci\u00f3n de la empresa<\/strong><\/p>\n\n\n\n<p>En cumplimiento del art\u00edculo 10 de la Ley de Servicios de la Sociedad de la Informaci\u00f3n y Comercio Electr\u00f3nico BIG informa:<\/p>\n\n\n\n<p>Titular de la web: borgesinternationalgroup.com<\/p>\n\n\n\n<p>BORGES INTERNATIONAL GROUP, S.L.<\/p>\n\n\n\n<p>NIF: B-43214139<\/p>\n\n\n\n<p>Domicilio: C\/ Flix, n\u00ba 29, 43205 Reus (Tarragona)<\/p>\n\n\n\n<p>Inscrita en el Registro Mercantil de Tarragona, al Tomo 2719, Folio 46, Hoja T-3831<\/p>\n\n\n\n<p>Atenci\u00f3n al Cliente<\/p>\n\n\n\n<p>Tel\u00e9fono: 660.134.075 <br>E-mail: info@masdecolom.com<\/p>\n\n\n\n<p><strong>Propiedad Intelectual<\/strong><\/p>\n\n\n\n<p>Todos los contenidos del Portal, entendiendo por estos a t\u00edtulo meramente enunciativo los textos, fotograf\u00edas, gr\u00e1ficos, im\u00e1genes, iconos, tecnolog\u00eda, software, links y dem\u00e1s contenidos, as\u00ed como su dise\u00f1o gr\u00e1fico y c\u00f3digos fuente son propiedad intelectual de nuestra compa\u00f1\u00eda y de terceros, sin que puedan entenderse cedidos al Usuario ninguno de los derechos de explotaci\u00f3n sobre los mismos m\u00e1s all\u00e1 de lo estrictamente necesario para el correcto uso del Portal.<\/p>\n\n\n\n<p>Estos derechos est\u00e1n registrados en el Registro de la Propiedad Intelectual.<\/p>\n\n\n\n<p>Todos los derechos reservados.<\/p>\n\n\n\n<p><strong>Otros<\/strong><\/p>\n\n\n\n<p>BIG no se hace responsable de los sitios web de terceros a los que se accede mediante v\u00ednculos a los que llevan o de los que proceden los Sitios Web. BIG no responde de la veracidad de la informaci\u00f3n mostrada por los fabricantes o laboratorios.<\/p>\n\n\n\n<p>Respecto los links o hiperenlaces declinamos toda responsabilidad por aquellos que remitan a nuestra p\u00e1gina web y en el caso de aquellos que aparezcan en nuestra p\u00e1gina la conexi\u00f3n lo har\u00e1n a t\u00edtulo informativo y deben tener nuestra autorizaci\u00f3n.<\/p>\n\n\n\n<p><strong>Condiciones de Compra<\/strong><\/p>\n\n\n\n<p>La reserva se entiende realizada en nuestro domicilio social y el reservar por este portal implica la aceptaci\u00f3n de las condiciones generales<\/p>\n\n\n\n<p>La lengua de contrataci\u00f3n es el espa\u00f1ol.<br>BORGES INTERNATIONAL GROUP, S.L archivar\u00e1 los documentos electr\u00f3nicos en que se formalice el contrato.<\/p>\n\n\n\n<p><strong>Pago y factura<\/strong><\/p>\n\n\n\n<p>Las entradas son gestionadas por Gesti\u00f3 Cultural Transversal S.L., sociedad domiciliada en Pica d'Estats n. 23 - 08272 Sant Fruit\u00f3s de Bages (Barcelona) prevista de C.I.F. n\u00ba B64507809, (en adelante, Grupo Transversal), que realizar\u00e1 la gesti\u00f3n y facturaci\u00f3n de los Entradas por Mas de Colom \u2013 Casa Borges.<\/p>\n\n\n\n<p>Asimismo, la facturaci\u00f3n la realizar\u00e1 Grupo Transversal.<\/p>\n\n\n\n<p>El Usuario recibir\u00e1 un justificante de compra junto con la entrega de Entradas a trav\u00e9s del correo <a href=\"mailto:info@masdecolom.com\">info@masdecolom.com<\/a>.<\/p>\n\n\n\n<p>Igualmente, el Usuario recibir\u00e1 de Mas de Colom - Casa Borges un justificante de su pedido por correo electr\u00f3nico en nombre de <a href=\"mailto:info@masdecolom.com\" target=\"_blank\" rel=\"noreferrer noopener\">info@masdecolom.com<\/a>.<\/p>\n\n\n\n<p><strong>Pol\u00edtica de devoluciones<\/strong><\/p>\n\n\n\n<p>No se admiten cancelaciones con devoluci\u00f3n de importe ni cambios de fecha.<br>Se devolver\u00e1 el dinero en caso de que la organizaci\u00f3n cancele la actividad por motivos de fuerza mayor.<\/p>\n\n\n\n<p><strong>Reclamaciones<\/strong><\/p>\n\n\n\n<p>Como CONSUMIDOR usted puede solicitar hojas de reclamaciones en nuestro domicilio social o mediante el e-mail de contacto. <\/p>\n\n\n\n<p><strong>Resoluci\u00f3n alternativa de conflictos<\/strong><\/p>\n\n\n\n<p>BORGES INTERNATIONAL GROUP, S.L tiene una pol\u00edtica activa de resoluci\u00f3n de conflictos, por lo que pone a su disposici\u00f3n el servicio de  atenci\u00f3n al cliente.<\/p>\n\n\n\n<p>Informamos que seg\u00fan el Art. 40 de la Ley 7\/2017  se ha facilitado una plataforma de resoluci\u00f3n de litigios en l\u00ednea que se encuentra disponible en el siguiente enlace: <a href=\"https:\/\/ec.europa.eu\/consumers\/odr\/main\/index.cfm?event=main.home.show&amp;lng=ES\" target=\"_blank\" rel=\"noreferrer noopener\">https:\/\/ec.europa.eu\/consumers\/odr\/main\/index.cfm?event=main.home.show&amp;lng=ES<\/a>  Esto no obstante, BORGES decidir\u00e1, en cada caso, si se adhiere o no a este sistema, ya que consideramos que los conflictos pueden y deben resolverse fuera de estos \u00e1mbitos, por lo que aconsejamos que previamente a cualquier reclamaci\u00f3n utilice nuestro sistema de atenci\u00f3n al cliente. Gracias por vuestra comprensi\u00f3n.<\/p>\n\n\n\n<p><strong>Jurisdicci\u00f3n<\/strong><\/p>\n\n\n\n<p>La relaci\u00f3n entre el usuario y el prestador se regir\u00e1 por la normativa vigente y de aplicaci\u00f3n en el territorio espa\u00f1ol, siendo la jurisidicci\u00f3n aplicable la del domicilio del consumidor. <\/p>\n","protected":false},"excerpt":{"rendered":"<p>Condiciones de Uso del portal Mediante esta p\u00e1gina web se facilita el acceso al portal web de BORGES INTERNATIONAL GROUP, en adelante BIG. El hecho de conectarse a esta p\u00e1gina web implica la aceptaci\u00f3n del presente Aviso Legal. Identificaci\u00f3n de la empresa En cumplimiento del art\u00edculo 10 de la Ley de Servicios de la Sociedad [&hellip;]<\/p>\n","protected":false},"author":2,"featured_media":0,"parent":0,"menu_order":0,"comment_status":"closed","ping_status":"closed","template":"","meta":{"_acf_changed":false,"footnotes":""},"pages_templates":[8],"class_list":["post-296","page","type-page","status-publish","hentry","pages_templates-legal-pages"],"acf":[],"yoast_head":"<!-- This site is optimized with the Yoast SEO plugin v27.4 - https:\/\/yoast.com\/product\/yoast-seo-wordpress\/ -->\n<title>Aviso legal y condiciones de compra - Mas de Colom<\/title>\n<meta name=\"robots\" content=\"index, follow, max-snippet:-1, max-image-preview:large, max-video-preview:-1\" \/>\n<link rel=\"canonical\" href=\"https:\/\/masdecolom.com\/es\/aviso-legal\/\" \/>\n<meta property=\"og:locale\" content=\"es_ES\" \/>\n<meta property=\"og:type\" content=\"article\" \/>\n<meta property=\"og:title\" content=\"Aviso legal y condiciones de compra - Mas de Colom\" \/>\n<meta property=\"og:description\" content=\"Condiciones de Uso del portal Mediante esta p\u00e1gina web se facilita el acceso al portal web de BORGES INTERNATIONAL GROUP, en adelante BIG. El hecho de conectarse a esta p\u00e1gina web implica la aceptaci\u00f3n del presente Aviso Legal. Identificaci\u00f3n de la empresa En cumplimiento del art\u00edculo 10 de la Ley de Servicios de la Sociedad [&hellip;]\" \/>\n<meta property=\"og:url\" content=\"https:\/\/masdecolom.com\/es\/aviso-legal\/\" \/>\n<meta property=\"og:site_name\" content=\"Mas de Colom\" \/>\n<meta property=\"article:modified_time\" content=\"2023-06-14T11:07:24+00:00\" \/>\n<meta name=\"twitter:card\" content=\"summary_large_image\" \/>\n<meta name=\"twitter:label1\" content=\"Tiempo de lectura\" \/>\n\t<meta name=\"twitter:data1\" content=\"3 minutos\" \/>\n<script type=\"application\/ld+json\" class=\"yoast-schema-graph\">{\"@context\":\"https:\\\/\\\/schema.org\",\"@graph\":[{\"@type\":\"WebPage\",\"@id\":\"https:\\\/\\\/masdecolom.com\\\/es\\\/aviso-legal\\\/\",\"url\":\"https:\\\/\\\/masdecolom.com\\\/es\\\/aviso-legal\\\/\",\"name\":\"Aviso legal y condiciones de compra - Mas de Colom\",\"isPartOf\":{\"@id\":\"https:\\\/\\\/masdecolom.com\\\/es\\\/#website\"},\"datePublished\":\"2021-09-21T15:09:01+00:00\",\"dateModified\":\"2023-06-14T11:07:24+00:00\",\"breadcrumb\":{\"@id\":\"https:\\\/\\\/masdecolom.com\\\/es\\\/aviso-legal\\\/#breadcrumb\"},\"inLanguage\":\"es\",\"potentialAction\":[{\"@type\":\"ReadAction\",\"target\":[\"https:\\\/\\\/masdecolom.com\\\/es\\\/aviso-legal\\\/\"]}]},{\"@type\":\"BreadcrumbList\",\"@id\":\"https:\\\/\\\/masdecolom.com\\\/es\\\/aviso-legal\\\/#breadcrumb\",\"itemListElement\":[{\"@type\":\"ListItem\",\"position\":1,\"name\":\"Inici\",\"item\":\"https:\\\/\\\/masdecolom.com\\\/es\\\/\"},{\"@type\":\"ListItem\",\"position\":2,\"name\":\"Aviso legal y condiciones de compra\"}]},{\"@type\":\"WebSite\",\"@id\":\"https:\\\/\\\/masdecolom.com\\\/es\\\/#website\",\"url\":\"https:\\\/\\\/masdecolom.com\\\/es\\\/\",\"name\":\"Mas de Colom\",\"description\":\"Casa Borges\",\"potentialAction\":[{\"@type\":\"SearchAction\",\"target\":{\"@type\":\"EntryPoint\",\"urlTemplate\":\"https:\\\/\\\/masdecolom.com\\\/es\\\/?s={search_term_string}\"},\"query-input\":{\"@type\":\"PropertyValueSpecification\",\"valueRequired\":true,\"valueName\":\"search_term_string\"}}],\"inLanguage\":\"es\"}]}<\/script>\n<!-- \/ Yoast SEO plugin. -->","yoast_head_json":{"title":"Aviso legal y condiciones de compra - Mas de Colom","robots":{"index":"index","follow":"follow","max-snippet":"max-snippet:-1","max-image-preview":"max-image-preview:large","max-video-preview":"max-video-preview:-1"},"canonical":"https:\/\/masdecolom.com\/es\/aviso-legal\/","og_locale":"es_ES","og_type":"article","og_title":"Aviso legal y condiciones de compra - Mas de Colom","og_description":"Condiciones de Uso del portal Mediante esta p\u00e1gina web se facilita el acceso al portal web de BORGES INTERNATIONAL GROUP, en adelante BIG. El hecho de conectarse a esta p\u00e1gina web implica la aceptaci\u00f3n del presente Aviso Legal. Identificaci\u00f3n de la empresa En cumplimiento del art\u00edculo 10 de la Ley de Servicios de la Sociedad [&hellip;]","og_url":"https:\/\/masdecolom.com\/es\/aviso-legal\/","og_site_name":"Mas de Colom","article_modified_time":"2023-06-14T11:07:24+00:00","twitter_card":"summary_large_image","twitter_misc":{"Tiempo de lectura":"3 minutos"},"schema":{"@context":"https:\/\/schema.org","@graph":[{"@type":"WebPage","@id":"https:\/\/masdecolom.com\/es\/aviso-legal\/","url":"https:\/\/masdecolom.com\/es\/aviso-legal\/","name":"Aviso legal y condiciones de compra - Mas de Colom","isPartOf":{"@id":"https:\/\/masdecolom.com\/es\/#website"},"datePublished":"2021-09-21T15:09:01+00:00","dateModified":"2023-06-14T11:07:24+00:00","breadcrumb":{"@id":"https:\/\/masdecolom.com\/es\/aviso-legal\/#breadcrumb"},"inLanguage":"es","potentialAction":[{"@type":"ReadAction","target":["https:\/\/masdecolom.com\/es\/aviso-legal\/"]}]},{"@type":"BreadcrumbList","@id":"https:\/\/masdecolom.com\/es\/aviso-legal\/#breadcrumb","itemListElement":[{"@type":"ListItem","position":1,"name":"Inici","item":"https:\/\/masdecolom.com\/es\/"},{"@type":"ListItem","position":2,"name":"Aviso legal y condiciones de compra"}]},{"@type":"WebSite","@id":"https:\/\/masdecolom.com\/es\/#website","url":"https:\/\/masdecolom.com\/es\/","name":"Mas de Colom","description":"Casa Borges","potentialAction":[{"@type":"SearchAction","target":{"@type":"EntryPoint","urlTemplate":"https:\/\/masdecolom.com\/es\/?s={search_term_string}"},"query-input":{"@type":"PropertyValueSpecification","valueRequired":true,"valueName":"search_term_string"}}],"inLanguage":"es"}]}},"_links":{"self":[{"href":"https:\/\/masdecolom.com\/es\/wp-json\/wp\/v2\/pages\/296","targetHints":{"allow":["GET"]}}],"collection":[{"href":"https:\/\/masdecolom.com\/es\/wp-json\/wp\/v2\/pages"}],"about":[{"href":"https:\/\/masdecolom.com\/es\/wp-json\/wp\/v2\/types\/page"}],"author":[{"embeddable":true,"href":"https:\/\/masdecolom.com\/es\/wp-json\/wp\/v2\/users\/2"}],"replies":[{"embeddable":true,"href":"https:\/\/masdecolom.com\/es\/wp-json\/wp\/v2\/comments?post=296"}],"version-history":[{"count":5,"href":"https:\/\/masdecolom.com\/es\/wp-json\/wp\/v2\/pages\/296\/revisions"}],"predecessor-version":[{"id":1880,"href":"https:\/\/masdecolom.com\/es\/wp-json\/wp\/v2\/pages\/296\/revisions\/1880"}],"wp:attachment":[{"href":"https:\/\/masdecolom.com\/es\/wp-json\/wp\/v2\/media?parent=296"}],"wp:term":[{"taxonomy":"pages_templates","embeddable":true,"href":"https:\/\/masdecolom.com\/es\/wp-json\/wp\/v2\/pages_templates?post=296"}],"curies":[{"name":"wp","href":"https:\/\/api.w.org\/{rel}","templated":true}]}}