{"id":308,"date":"2021-09-21T18:13:35","date_gmt":"2021-09-21T16:13:35","guid":{"rendered":"http:\/\/mascoloms.volcanicvalley.com\/politica-de-cookies\/"},"modified":"2021-09-27T10:53:33","modified_gmt":"2021-09-27T08:53:33","slug":"politica-de-cookies","status":"publish","type":"page","link":"https:\/\/masdecolom.com\/es\/politica-de-cookies\/","title":{"rendered":"Pol\u00edtica de Cookies"},"content":{"rendered":"\n<p><strong>POL\u00cdTICA DE COOKIES DE LA WEB<\/strong><\/p>\n\n\n\n<p><strong>En relaci\u00f3n con las cookies durante la navegaci\u00f3n<\/strong><\/p>\n\n\n\n<p>La cookie (o cookie inform\u00e1tica) es una peque\u00f1a informaci\u00f3n enviada por un sitio web y almacenada en el navegador del usuario, para que el sitio web pueda consultar la actividad previa del usuario.<\/p>\n\n\n\n<p><strong>Tabla de cookies de este portal<\/strong><\/p>\n\n\n\n<figure class=\"wp-block-table is-style-stripes\"><table><tbody><tr><td><strong>Nombre de la cookie<\/strong><\/td><td><strong>Tipo<\/strong><\/td><td><strong>Objectivo<\/strong><\/td><td><strong>Duraci\u00f3n<\/strong><\/td><\/tr><tr><td>viewed_cookie_policy<\/td><td>Necesaria<\/td><td>La cookie se define mediante el conector de consentimiento de cookies del RGPD y se utiliza para mostrar si el usuario ha dado su consentimiento para el uso de cookies. No almacena ning\u00fan dato personal.<\/td><td>11 meses<\/td><\/tr><tr><td>cookielawinfo-checkbox-non- necessary<\/td><td>Necesaria<\/td><td>Esta cookie se define mediante el complemento de consentimiento de cookies GDPR. Las cookies se utilizan para dar el consentimiento del usuario a las cookies en la categor\u00eda \"No requerido\".<\/td><td>1 a\u00f1o<\/td><\/tr><tr><td>cookielawinfo-checkbox-necessary<\/td><td>Necesaria<\/td><td>Esta cookie se define mediante el complemento de consentimiento de cookies GDPR. Las cookies se utilizan para dar el consentimiento del usuario a las cookies en la categor\u00eda \"Requerido\".<\/td><td>1 a\u00f1o<\/td><\/tr><tr><td>PHPSESSID<\/td><td>Necesaria<\/td><td>Esta cookie es nativa de las aplicaciones PHP. La cookie se utiliza para almacenar e identificar la identificaci\u00f3n de sesi\u00f3n \u00fanica de un usuario con el fin de gestionar la sesi\u00f3n del usuario en el sitio web. La cookie es una cookie de sesi\u00f3n y se elimina cuando se cierran todas las ventanas del navegador.<\/td><td>1 a\u00f1o<\/td><\/tr><tr><td>test_cookie<\/td><td>Necesaria<\/td><td>Pruebe la inserci\u00f3n de cookies.<\/td><td>11 meses<\/td><\/tr><tr><td>_ga<\/td><td>Estad\u00edstica<\/td><td>Esta cookie es instalada por Google Analytics. La cookie se utiliza para calcular los datos de visitantes, sesiones y campa\u00f1as y para rastrear el uso del sitio para el informe de an\u00e1lisis del sitio. Las cookies almacenan informaci\u00f3n de forma an\u00f3nima y asignan un n\u00famero generado aleatoriamente para identificar a los visitantes \u00fanicos.<\/td><td>2 a\u00f1os<\/td><\/tr><tr><td>_gat<\/td><td>Estad\u00edstica<\/td><td>Estas cookies son instaladas por Google Universal Analytics para restringir el porcentaje de aplicaciones con el fin de limitar la recopilaci\u00f3n de datos en \u00e1reas de alto tr\u00e1fico.<\/td><td>1 minuto<\/td><\/tr><tr><td>_gid<\/td><td>Estad\u00edstica<\/td><td>Esta cookie es instalada por Google Analytics. La cookie se utiliza para agregar informaci\u00f3n sobre c\u00f3mo los visitantes utilizan un sitio web y ayuda a crear un informe anal\u00edtico sobre el rendimiento del sitio web. Los datos recopilados incluyen el n\u00famero de visitantes, la fuente de origen de donde vinieron y las p\u00e1ginas visitadas de forma an\u00f3nima.<\/td><td>1 dia<\/td><\/tr><tr><td>IDE<\/td><td>Comportamental<\/td><td>Utilizado por Google DoubleClick y almacena informaci\u00f3n sobre c\u00f3mo el usuario utiliza el sitio web y cualquier otra publicidad antes de visitarlo. Se utiliza para presentar a los usuarios con anuncios que son relevantes para ellos de acuerdo con su perfil de usuario.<\/td><td>2 a\u00f1os<\/td><\/tr><tr><td>YSC<\/td><td>Comportamental<\/td><td>Estas cookies son definidas por YouTube y utilizadas para rastrear vistas de video incrustadas.<\/td><td>Cada sesi\u00f3n<\/td><\/tr><tr><td>GPS<\/td><td>Comportamental<\/td><td>Esta cookie es definida por YouTube y registra un identificador \u00fanico para el seguimiento del usuario en funci\u00f3n de su ubicaci\u00f3n geogr\u00e1fica.<\/td><td>Cada sesi\u00f3n<\/td><\/tr><tr><td>VISITOR_INFO1_LIVE<\/td><td>Comportamental<\/td><td>Esta cookie es definida por YouTube. Se utiliza para rastrear informaci\u00f3n de videos de YouTube incrustados en un sitio web.<\/td><td>5 meses<\/td><\/tr><\/tbody><\/table><\/figure>\n\n\n\n<p><strong>GESTIONAR COOKIES<\/strong><\/p>\n\n\n\n<p><strong>Puede usted permitir, bloquear o eliminar las cookies instaladas en su equipo conectando este sitio web o configurando las opciones del navegador instalado en su ordenador.<\/strong><\/p>\n\n\n\n<p>Si no est\u00e1s seguro de qu\u00e9 tipo y versi\u00f3n de tu navegador est\u00e1s usando para acceder a Internet:<\/p>\n\n\n\n<p><strong>C\u00d3MO ADMINISTRAR LAS COOKIES EN WINDOWS<\/strong><\/p>\n\n\n\n<p><strong>Google Chrome<\/strong><\/p>\n\n\n\n<ol class=\"wp-block-list\"><li>Haga clic en el men\u00fa de Chrome en la barra de herramientas del navegador.<\/li><li>Seleccione \"Configuraci\u00f3n\"<\/li><li>Haga clic en \"Mostrar opciones avanzadas \u2026\"<\/li><li>En la secci\u00f3n \"Privacidad\", haga clic en el bot\u00f3n \"Configuraci\u00f3n de contenido\u2026\".<\/li><li>En el apartado \"Cookies\" puede configurar las opciones que se indican a continuaci\u00f3n: Eliminar cookies, bloquear o permitir cookies por defecto, incluir excepciones a las cookies de determinados dominios o sitios web.<\/li><li>Para m\u00e1s detalles, consulte la ayuda de Google Chrome.<\/li><\/ol>\n\n\n\n<p><strong>Mozilla Firefox<\/strong><\/p>\n\n\n\n<ol class=\"wp-block-list\"><li>En la parte superior de la ventana de Firefox, haga clic en el bot\u00f3n Firefox y seleccione \"Opciones\".<\/li><li>Seleccione el panel \"Privacidad\".<\/li><li>En Firefox puedes elegir \"Usar ajustes personalizados para el historial\".<\/li><li>Marque la opci\u00f3n \"Aceptar cookies\" para activarlas, y desmarque las desactiva para desactivarlas.<\/li><li>Si no desea recibir cookies de terceros, desmarque \"Aceptar cookies de terceros\".<\/li><li>Puede consultar la ayuda de Mozilla para obtener m\u00e1s informaci\u00f3n<\/li><\/ol>\n\n\n\n<p><strong>C\u00d3MO ADMINISTRAR LAS COOKIES EN MAC<\/strong><\/p>\n\n\n\n<p><strong>Google Chrome<\/strong><\/p>\n\n\n\n<ol class=\"wp-block-list\"><li>Haga clic en el men\u00fa de Chrome en la barra de herramientas del navegador.<\/li><li>Seleccione \"Configuraci\u00f3n\"<\/li><li>Haga clic en \"Mostrar opciones avanzadas \u2026\"<\/li><li>En la secci\u00f3n \"Privacidad\", haga clic en el bot\u00f3n \"Configuraci\u00f3n de contenido\u2026\".<\/li><li>En el apartado \"Cookies\" puede configurar las opciones que se indican a continuaci\u00f3n: Eliminar cookies, bloquear o permitir cookies por defecto, incluir excepciones a las cookies de determinados dominios o sitios web.<\/li><\/ol>\n\n\n\n<p><strong>Mozilla Firefox<\/strong><\/p>\n\n\n\n<ol class=\"wp-block-list\"><li>En la barra de men\u00fa, haga clic en el men\u00fa de Firefox y seleccione \"Preferencias\"...<\/li><li>Seleccione el Panel de privacidad<\/li><li>En Firefox puedes elegir \"Usar ajustes personalizados para el historial\".<\/li><li>Marque la opci\u00f3n \"Aceptar cookies\" para activarlas, y desmarque las desactiva para desactivarlas.<\/li><li>Si no desea recibir cookies de terceros, desmarque \"Aceptar cookies de terceros\".<\/li><\/ol>\n","protected":false},"excerpt":{"rendered":"<p>POL\u00cdTICA DE COOKIES DE LA WEB En relaci\u00f3n con las cookies durante la navegaci\u00f3n La cookie (o cookie inform\u00e1tica) es una peque\u00f1a informaci\u00f3n enviada por un sitio web y almacenada en el navegador del usuario, para que el sitio web pueda consultar la actividad previa del usuario. Tabla de cookies de este portal Nombre de [&hellip;]<\/p>\n","protected":false},"author":2,"featured_media":0,"parent":0,"menu_order":0,"comment_status":"closed","ping_status":"closed","template":"","meta":{"_acf_changed":false,"footnotes":""},"pages_templates":[8],"class_list":["post-308","page","type-page","status-publish","hentry","pages_templates-legal-pages"],"acf":[],"yoast_head":"<!-- This site is optimized with the Yoast SEO plugin v27.2 - https:\/\/yoast.com\/product\/yoast-seo-wordpress\/ -->\n<title>Pol\u00edtica de Cookies - Mas de Colom<\/title>\n<meta name=\"robots\" content=\"index, follow, max-snippet:-1, max-image-preview:large, max-video-preview:-1\" \/>\n<link rel=\"canonical\" href=\"https:\/\/masdecolom.com\/es\/politica-de-cookies\/\" \/>\n<meta property=\"og:locale\" content=\"es_ES\" \/>\n<meta property=\"og:type\" content=\"article\" \/>\n<meta property=\"og:title\" content=\"Pol\u00edtica de Cookies - Mas de Colom\" \/>\n<meta property=\"og:description\" content=\"POL\u00cdTICA DE COOKIES DE LA WEB En relaci\u00f3n con las cookies durante la navegaci\u00f3n La cookie (o cookie inform\u00e1tica) es una peque\u00f1a informaci\u00f3n enviada por un sitio web y almacenada en el navegador del usuario, para que el sitio web pueda consultar la actividad previa del usuario. Tabla de cookies de este portal Nombre de [&hellip;]\" \/>\n<meta property=\"og:url\" content=\"https:\/\/masdecolom.com\/es\/politica-de-cookies\/\" \/>\n<meta property=\"og:site_name\" content=\"Mas de Colom\" \/>\n<meta property=\"article:modified_time\" content=\"2021-09-27T08:53:33+00:00\" \/>\n<meta name=\"twitter:card\" content=\"summary_large_image\" \/>\n<meta name=\"twitter:label1\" content=\"Tiempo de lectura\" \/>\n\t<meta name=\"twitter:data1\" content=\"4 minutos\" \/>\n<script type=\"application\/ld+json\" class=\"yoast-schema-graph\">{\"@context\":\"https:\/\/schema.org\",\"@graph\":[{\"@type\":\"WebPage\",\"@id\":\"https:\/\/masdecolom.com\/es\/politica-de-cookies\/\",\"url\":\"https:\/\/masdecolom.com\/es\/politica-de-cookies\/\",\"name\":\"Pol\u00edtica de Cookies - Mas de Colom\",\"isPartOf\":{\"@id\":\"https:\/\/masdecolom.com\/es\/#website\"},\"datePublished\":\"2021-09-21T16:13:35+00:00\",\"dateModified\":\"2021-09-27T08:53:33+00:00\",\"breadcrumb\":{\"@id\":\"https:\/\/masdecolom.com\/es\/politica-de-cookies\/#breadcrumb\"},\"inLanguage\":\"es\",\"potentialAction\":[{\"@type\":\"ReadAction\",\"target\":[\"https:\/\/masdecolom.com\/es\/politica-de-cookies\/\"]}]},{\"@type\":\"BreadcrumbList\",\"@id\":\"https:\/\/masdecolom.com\/es\/politica-de-cookies\/#breadcrumb\",\"itemListElement\":[{\"@type\":\"ListItem\",\"position\":1,\"name\":\"Inici\",\"item\":\"https:\/\/masdecolom.com\/es\/\"},{\"@type\":\"ListItem\",\"position\":2,\"name\":\"Pol\u00edtica de Cookies\"}]},{\"@type\":\"WebSite\",\"@id\":\"https:\/\/masdecolom.com\/es\/#website\",\"url\":\"https:\/\/masdecolom.com\/es\/\",\"name\":\"Mas de Colom\",\"description\":\"Casa Borges\",\"potentialAction\":[{\"@type\":\"SearchAction\",\"target\":{\"@type\":\"EntryPoint\",\"urlTemplate\":\"https:\/\/masdecolom.com\/es\/?s={search_term_string}\"},\"query-input\":{\"@type\":\"PropertyValueSpecification\",\"valueRequired\":true,\"valueName\":\"search_term_string\"}}],\"inLanguage\":\"es\"}]}<\/script>\n<!-- \/ Yoast SEO plugin. -->","yoast_head_json":{"title":"Pol\u00edtica de Cookies - Mas de Colom","robots":{"index":"index","follow":"follow","max-snippet":"max-snippet:-1","max-image-preview":"max-image-preview:large","max-video-preview":"max-video-preview:-1"},"canonical":"https:\/\/masdecolom.com\/es\/politica-de-cookies\/","og_locale":"es_ES","og_type":"article","og_title":"Pol\u00edtica de Cookies - Mas de Colom","og_description":"POL\u00cdTICA DE COOKIES DE LA WEB En relaci\u00f3n con las cookies durante la navegaci\u00f3n La cookie (o cookie inform\u00e1tica) es una peque\u00f1a informaci\u00f3n enviada por un sitio web y almacenada en el navegador del usuario, para que el sitio web pueda consultar la actividad previa del usuario. Tabla de cookies de este portal Nombre de [&hellip;]","og_url":"https:\/\/masdecolom.com\/es\/politica-de-cookies\/","og_site_name":"Mas de Colom","article_modified_time":"2021-09-27T08:53:33+00:00","twitter_card":"summary_large_image","twitter_misc":{"Tiempo de lectura":"4 minutos"},"schema":{"@context":"https:\/\/schema.org","@graph":[{"@type":"WebPage","@id":"https:\/\/masdecolom.com\/es\/politica-de-cookies\/","url":"https:\/\/masdecolom.com\/es\/politica-de-cookies\/","name":"Pol\u00edtica de Cookies - Mas de Colom","isPartOf":{"@id":"https:\/\/masdecolom.com\/es\/#website"},"datePublished":"2021-09-21T16:13:35+00:00","dateModified":"2021-09-27T08:53:33+00:00","breadcrumb":{"@id":"https:\/\/masdecolom.com\/es\/politica-de-cookies\/#breadcrumb"},"inLanguage":"es","potentialAction":[{"@type":"ReadAction","target":["https:\/\/masdecolom.com\/es\/politica-de-cookies\/"]}]},{"@type":"BreadcrumbList","@id":"https:\/\/masdecolom.com\/es\/politica-de-cookies\/#breadcrumb","itemListElement":[{"@type":"ListItem","position":1,"name":"Inici","item":"https:\/\/masdecolom.com\/es\/"},{"@type":"ListItem","position":2,"name":"Pol\u00edtica de Cookies"}]},{"@type":"WebSite","@id":"https:\/\/masdecolom.com\/es\/#website","url":"https:\/\/masdecolom.com\/es\/","name":"Mas de Colom","description":"Casa Borges","potentialAction":[{"@type":"SearchAction","target":{"@type":"EntryPoint","urlTemplate":"https:\/\/masdecolom.com\/es\/?s={search_term_string}"},"query-input":{"@type":"PropertyValueSpecification","valueRequired":true,"valueName":"search_term_string"}}],"inLanguage":"es"}]}},"_links":{"self":[{"href":"https:\/\/masdecolom.com\/es\/wp-json\/wp\/v2\/pages\/308","targetHints":{"allow":["GET"]}}],"collection":[{"href":"https:\/\/masdecolom.com\/es\/wp-json\/wp\/v2\/pages"}],"about":[{"href":"https:\/\/masdecolom.com\/es\/wp-json\/wp\/v2\/types\/page"}],"author":[{"embeddable":true,"href":"https:\/\/masdecolom.com\/es\/wp-json\/wp\/v2\/users\/2"}],"replies":[{"embeddable":true,"href":"https:\/\/masdecolom.com\/es\/wp-json\/wp\/v2\/comments?post=308"}],"version-history":[{"count":2,"href":"https:\/\/masdecolom.com\/es\/wp-json\/wp\/v2\/pages\/308\/revisions"}],"predecessor-version":[{"id":350,"href":"https:\/\/masdecolom.com\/es\/wp-json\/wp\/v2\/pages\/308\/revisions\/350"}],"wp:attachment":[{"href":"https:\/\/masdecolom.com\/es\/wp-json\/wp\/v2\/media?parent=308"}],"wp:term":[{"taxonomy":"pages_templates","embeddable":true,"href":"https:\/\/masdecolom.com\/es\/wp-json\/wp\/v2\/pages_templates?post=308"}],"curies":[{"name":"wp","href":"https:\/\/api.w.org\/{rel}","templated":true}]}}