{"id":310,"date":"2021-09-21T18:17:33","date_gmt":"2021-09-21T16:17:33","guid":{"rendered":"http:\/\/mascoloms.volcanicvalley.com\/politica-de-privacidad\/"},"modified":"2022-09-06T10:49:52","modified_gmt":"2022-09-06T08:49:52","slug":"politica-de-privacidad","status":"publish","type":"page","link":"https:\/\/masdecolom.com\/es\/politica-de-privacidad\/","title":{"rendered":"Pol\u00edtica de privacidad"},"content":{"rendered":"\n<p>De conformidad con el Reglamento Europeo de Privacidad 679\/2016 le informamos que los datos pasar\u00e1n a formar parte de un fichero responsabilidad de la empresa titular de la web con la finalidad de gestionar tu consulta y\/o relaci\u00f3n. Sus datos ser\u00e1n conservados mientras se gestiona la relaci\u00f3n y pueden ser comunicados entre las empresas de Borges International Group (ver listado en www.borgesinternationalgroup.es). El delegado de Protecci\u00f3n de datos es UNIVER IURIS S.L. (www.uneon.es).  El usuario tiene el derecho de acceso, limitaci\u00f3n, portabilidad, reclamaci\u00f3n a la Autoridad Espa\u00f1ola de Protecci\u00f3n de Datos, supresi\u00f3n u olvido, rectificaci\u00f3n, cancelaci\u00f3n y oposici\u00f3n al tratamiento de datos mediante el e-mail lopd@borges-big.com o en el domicilio social sito en Calle Flix n\u00ba29 43205 Reus (Tarragona).<\/p>\n\n<p>Daremos respuesta a cualquier petici\u00f3n.<\/p>\n\n<p>De conformidad con el Reglamento Europeo facilitamos informaci\u00f3n del Registro de Actividades.<\/p>\n\n<figure class=\"wp-block-table is-style-stripes\"><table><tbody><tr><td><strong>Ficha registro de actividades<\/strong><\/td><\/tr><tr><td>Responsable del fichero y tratamiento  <\/td><td>Borges International Group, S.L.Domicilio: Calle Flix 29, 43205 ReusCIF: B43214139E-mail contacto: lopd@borges-big.comTel\u00e9fono: +34 977 30 90 00<\/td><\/tr><tr><td>Delegado del tratamiento<\/td><td>UNIVER IURIS S.L.Moll de la Marina n\u00ba6 Puerto Ol\u00edmpico BarcelonaCIF B63044010consultes@uneon.es<\/td><\/tr><tr><td>Actividad, finalidad del tratamiento<\/td><td>Tratamiento de datos de curr\u00edculos para gesti\u00f3n de puesto de trabajo, trabajadores para la gesti\u00f3n laboral, clientes para gesti\u00f3n fiscal, consumidores para la gesti\u00f3n del club y promociones, video vigilados para la seguridad, clientes y proveedores para la gesti\u00f3n fiscal y contactos.<\/td><\/tr><tr><td>Categor\u00eda<\/td><td>Curr\u00edculos: Datos identificativosTrabajadores: Datos identificativos, cuenta bancaria y los propios exigencia legal seguridad social, INEM, etc.Clientes, contactos y proveedores: Datos identificativosConsumidores: Datos identificativosVideo vigilados: Dato imagen<\/td><\/tr><tr><td>Periodo conservaci\u00f3n<\/td><td>Durante los plazos de responsabilidad laboral, fiscal y civil<\/td><\/tr><tr><td>Medidas de seguridad <\/td><td>Por razones de seguridad se atender\u00e1 \u00fanicamente a peticiones fundamentadas en el contacto DPO.<\/td><\/tr><\/tbody><\/table><\/figure>","protected":false},"excerpt":{"rendered":"<p>De conformidad con el Reglamento Europeo de Privacidad 679\/2016 le informamos que los datos pasar\u00e1n a formar parte de un fichero responsabilidad de la empresa titular de la web con la finalidad de gestionar tu consulta y\/o relaci\u00f3n. Sus datos ser\u00e1n conservados mientras se gestiona la relaci\u00f3n y pueden ser comunicados entre las empresas de [&hellip;]<\/p>\n","protected":false},"author":1,"featured_media":0,"parent":0,"menu_order":0,"comment_status":"closed","ping_status":"closed","template":"","meta":{"_acf_changed":false,"footnotes":""},"pages_templates":[8],"class_list":["post-310","page","type-page","status-publish","hentry","pages_templates-legal-pages"],"acf":[],"yoast_head":"<!-- This site is optimized with the Yoast SEO plugin v27.4 - https:\/\/yoast.com\/product\/yoast-seo-wordpress\/ -->\n<title>Pol\u00edtica de privacidad - Mas de Colom<\/title>\n<meta name=\"robots\" content=\"index, follow, max-snippet:-1, max-image-preview:large, max-video-preview:-1\" \/>\n<link rel=\"canonical\" href=\"https:\/\/masdecolom.com\/es\/politica-de-privacidad\/\" \/>\n<meta property=\"og:locale\" content=\"es_ES\" \/>\n<meta property=\"og:type\" content=\"article\" \/>\n<meta property=\"og:title\" content=\"Pol\u00edtica de privacidad - Mas de Colom\" \/>\n<meta property=\"og:description\" content=\"De conformidad con el Reglamento Europeo de Privacidad 679\/2016 le informamos que los datos pasar\u00e1n a formar parte de un fichero responsabilidad de la empresa titular de la web con la finalidad de gestionar tu consulta y\/o relaci\u00f3n. Sus datos ser\u00e1n conservados mientras se gestiona la relaci\u00f3n y pueden ser comunicados entre las empresas de [&hellip;]\" \/>\n<meta property=\"og:url\" content=\"https:\/\/masdecolom.com\/es\/politica-de-privacidad\/\" \/>\n<meta property=\"og:site_name\" content=\"Mas de Colom\" \/>\n<meta property=\"article:modified_time\" content=\"2022-09-06T08:49:52+00:00\" \/>\n<meta name=\"twitter:card\" content=\"summary_large_image\" \/>\n<meta name=\"twitter:label1\" content=\"Tiempo de lectura\" \/>\n\t<meta name=\"twitter:data1\" content=\"2 minutos\" \/>\n<script type=\"application\/ld+json\" class=\"yoast-schema-graph\">{\"@context\":\"https:\\\/\\\/schema.org\",\"@graph\":[{\"@type\":\"WebPage\",\"@id\":\"https:\\\/\\\/masdecolom.com\\\/es\\\/politica-de-privacidad\\\/\",\"url\":\"https:\\\/\\\/masdecolom.com\\\/es\\\/politica-de-privacidad\\\/\",\"name\":\"Pol\u00edtica de privacidad - Mas de Colom\",\"isPartOf\":{\"@id\":\"https:\\\/\\\/masdecolom.com\\\/es\\\/#website\"},\"datePublished\":\"2021-09-21T16:17:33+00:00\",\"dateModified\":\"2022-09-06T08:49:52+00:00\",\"breadcrumb\":{\"@id\":\"https:\\\/\\\/masdecolom.com\\\/es\\\/politica-de-privacidad\\\/#breadcrumb\"},\"inLanguage\":\"es\",\"potentialAction\":[{\"@type\":\"ReadAction\",\"target\":[\"https:\\\/\\\/masdecolom.com\\\/es\\\/politica-de-privacidad\\\/\"]}]},{\"@type\":\"BreadcrumbList\",\"@id\":\"https:\\\/\\\/masdecolom.com\\\/es\\\/politica-de-privacidad\\\/#breadcrumb\",\"itemListElement\":[{\"@type\":\"ListItem\",\"position\":1,\"name\":\"Inici\",\"item\":\"https:\\\/\\\/masdecolom.com\\\/es\\\/\"},{\"@type\":\"ListItem\",\"position\":2,\"name\":\"Pol\u00edtica de privacidad\"}]},{\"@type\":\"WebSite\",\"@id\":\"https:\\\/\\\/masdecolom.com\\\/es\\\/#website\",\"url\":\"https:\\\/\\\/masdecolom.com\\\/es\\\/\",\"name\":\"Mas de Colom\",\"description\":\"Casa Borges\",\"potentialAction\":[{\"@type\":\"SearchAction\",\"target\":{\"@type\":\"EntryPoint\",\"urlTemplate\":\"https:\\\/\\\/masdecolom.com\\\/es\\\/?s={search_term_string}\"},\"query-input\":{\"@type\":\"PropertyValueSpecification\",\"valueRequired\":true,\"valueName\":\"search_term_string\"}}],\"inLanguage\":\"es\"}]}<\/script>\n<!-- \/ Yoast SEO plugin. -->","yoast_head_json":{"title":"Pol\u00edtica de privacidad - Mas de Colom","robots":{"index":"index","follow":"follow","max-snippet":"max-snippet:-1","max-image-preview":"max-image-preview:large","max-video-preview":"max-video-preview:-1"},"canonical":"https:\/\/masdecolom.com\/es\/politica-de-privacidad\/","og_locale":"es_ES","og_type":"article","og_title":"Pol\u00edtica de privacidad - Mas de Colom","og_description":"De conformidad con el Reglamento Europeo de Privacidad 679\/2016 le informamos que los datos pasar\u00e1n a formar parte de un fichero responsabilidad de la empresa titular de la web con la finalidad de gestionar tu consulta y\/o relaci\u00f3n. Sus datos ser\u00e1n conservados mientras se gestiona la relaci\u00f3n y pueden ser comunicados entre las empresas de [&hellip;]","og_url":"https:\/\/masdecolom.com\/es\/politica-de-privacidad\/","og_site_name":"Mas de Colom","article_modified_time":"2022-09-06T08:49:52+00:00","twitter_card":"summary_large_image","twitter_misc":{"Tiempo de lectura":"2 minutos"},"schema":{"@context":"https:\/\/schema.org","@graph":[{"@type":"WebPage","@id":"https:\/\/masdecolom.com\/es\/politica-de-privacidad\/","url":"https:\/\/masdecolom.com\/es\/politica-de-privacidad\/","name":"Pol\u00edtica de privacidad - Mas de Colom","isPartOf":{"@id":"https:\/\/masdecolom.com\/es\/#website"},"datePublished":"2021-09-21T16:17:33+00:00","dateModified":"2022-09-06T08:49:52+00:00","breadcrumb":{"@id":"https:\/\/masdecolom.com\/es\/politica-de-privacidad\/#breadcrumb"},"inLanguage":"es","potentialAction":[{"@type":"ReadAction","target":["https:\/\/masdecolom.com\/es\/politica-de-privacidad\/"]}]},{"@type":"BreadcrumbList","@id":"https:\/\/masdecolom.com\/es\/politica-de-privacidad\/#breadcrumb","itemListElement":[{"@type":"ListItem","position":1,"name":"Inici","item":"https:\/\/masdecolom.com\/es\/"},{"@type":"ListItem","position":2,"name":"Pol\u00edtica de privacidad"}]},{"@type":"WebSite","@id":"https:\/\/masdecolom.com\/es\/#website","url":"https:\/\/masdecolom.com\/es\/","name":"Mas de Colom","description":"Casa Borges","potentialAction":[{"@type":"SearchAction","target":{"@type":"EntryPoint","urlTemplate":"https:\/\/masdecolom.com\/es\/?s={search_term_string}"},"query-input":{"@type":"PropertyValueSpecification","valueRequired":true,"valueName":"search_term_string"}}],"inLanguage":"es"}]}},"_links":{"self":[{"href":"https:\/\/masdecolom.com\/es\/wp-json\/wp\/v2\/pages\/310","targetHints":{"allow":["GET"]}}],"collection":[{"href":"https:\/\/masdecolom.com\/es\/wp-json\/wp\/v2\/pages"}],"about":[{"href":"https:\/\/masdecolom.com\/es\/wp-json\/wp\/v2\/types\/page"}],"author":[{"embeddable":true,"href":"https:\/\/masdecolom.com\/es\/wp-json\/wp\/v2\/users\/1"}],"replies":[{"embeddable":true,"href":"https:\/\/masdecolom.com\/es\/wp-json\/wp\/v2\/comments?post=310"}],"version-history":[{"count":3,"href":"https:\/\/masdecolom.com\/es\/wp-json\/wp\/v2\/pages\/310\/revisions"}],"predecessor-version":[{"id":1601,"href":"https:\/\/masdecolom.com\/es\/wp-json\/wp\/v2\/pages\/310\/revisions\/1601"}],"wp:attachment":[{"href":"https:\/\/masdecolom.com\/es\/wp-json\/wp\/v2\/media?parent=310"}],"wp:term":[{"taxonomy":"pages_templates","embeddable":true,"href":"https:\/\/masdecolom.com\/es\/wp-json\/wp\/v2\/pages_templates?post=310"}],"curies":[{"name":"wp","href":"https:\/\/api.w.org\/{rel}","templated":true}]}}