{"id":882,"date":"2021-09-27T15:16:44","date_gmt":"2021-09-27T13:16:44","guid":{"rendered":"http:\/\/mascoloms.volcanicvalley.com\/avertissement-legal\/"},"modified":"2023-06-14T13:13:52","modified_gmt":"2023-06-14T11:13:52","slug":"avertissement-legal","status":"publish","type":"page","link":"https:\/\/masdecolom.com\/fr\/avertissement-legal\/","title":{"rendered":"AVERTISSEMENT LEGAL ET CONDITIONS D'ACHAT"},"content":{"rendered":"\n<p><strong>Conditions d\u2019utilisation de la page<\/strong><\/p>\n\n\n\n<p>Gr\u00e2ce \u00e0 cette page Web on facilite l'acc\u00e8s au portail web de BORGES INTERNATIONAL GROUP, S.L.U, d\u00e9sormais BIG. Le fait d'\u00eatre connect\u00e9 \u00e0 cette page Web implique l'acceptation du pr\u00e9sent avertissement l\u00e9gal.<\/p>\n\n\n\n<p><strong>Identification de la soci\u00e9t\u00e9<\/strong><\/p>\n\n\n\n<p>Conform\u00e9ment \u00e0 l'article 10 de la loi sur les services de la soci\u00e9t\u00e9 de l'information et du commerce \u00e9lectronique BIG informe:<\/p>\n\n\n\n<p>Propri\u00e9taire du web: borgesinternationalgroup.com<\/p>\n\n\n\n<p>BORGES INTERNATIONAL GROUP, S.L.U<\/p>\n\n\n\n<p>NIF: B-43214139<\/p>\n\n\n\n<p>Adresse: C\/ Flix, n\u00ba 29, 43205 Reus (Tarragona)<\/p>\n\n\n\n<p>Inscrite au registre du commerce dans la province de Tarragona, Volume 2719, Folio 46, Feuille T-3831<\/p>\n\n\n\n<p>Attention au client<\/p>\n\n\n\n<p>T\u00e9l\u00e9phone: +34 977 30 90 00<br>E-mail: contacto@borges-big.com<\/p>\n\n\n\n<p><strong>Propri\u00e9t\u00e9 intellectuelle<\/strong><\/p>\n\n\n\n<p>Tous les contenus du portail, compris comme incluant, mais sans s'y limiter, textes, photographies, graphiques, images, ic\u00f4nes, technologie, logiciel, liens et autres contenus ainsi que les codes de conception graphique et de source sont la propri\u00e9t\u00e9 intellectuelle de notre soci\u00e9t\u00e9 ainsi que de certains tiers sans qu'ils puissent \u00eatre interpr\u00e9t\u00e9 qu'ils soient transf\u00e9r\u00e9s \u00e0 l'utilisateur celui-ci n'ayant aucun droit de les exploiter au-del\u00e0 de ce qui est strictement n\u00e9cessaire pour l'utilisation correcte du Portail.<\/p>\n\n\n\n<p>Ces droits sont inscrits dans le Registre de la propri\u00e9t\u00e9 intellectuelle.<\/p>\n\n\n\n<p>Tous droits r\u00e9serv\u00e9s.<\/p>\n\n\n\n<p><strong>Autres<\/strong><\/p>\n\n\n\n<p>BIG n'est pas responsable des sites Web de tiers qui sont accessibles par des liens qui m\u00e8nent vers ceux-ci ou proviennent des dits sites Web. BIG n'est pas responsable de l'exactitude de l'information affich\u00e9e par les fabricants ou les laboratoires.<\/p>\n\n\n\n<p>En ce qui concerne les liens ou hyperliens, nous d\u00e9clinons toute responsabilit\u00e9 pour ceux qui se r\u00e9f\u00e8rent \u00e0 notre site Web et dans le cas de ceux qui apparaissent sur notre site. Toute connexion vers ceux-ci pour plus d'informations devront faire l'objet d'une demande de notre permission.<\/p>\n\n\n\n<p><strong>Paiement et facture<\/strong><\/p>\n\n\n\n<p>Les billets sont g\u00e9r\u00e9s par Gesti\u00f3 Cultural Transversal S.L., une soci\u00e9t\u00e9 domicili\u00e9e \u00e0 Pica d'Estats n. 23 - 08272 Sant Fruit\u00f3s de Bages (Barcelone) pr\u00e9vu pour C.I.F. n\u00ba B64507809, (ci-apr\u00e8s, Grupo Transversal), qui effectuera la gestion et la facturation des billets pour Mas de Colom \u2013 Casa Borges.<\/p>\n\n\n\n<p>De m\u00eame, la facturation sera effectu\u00e9e par Grupo Transversal.<\/p>\n\n\n\n<p>L'Utilisateur recevra un re\u00e7u avec les billets par e-mail <a href=\"mailto:info@masdecolom.com\" target=\"_blank\" rel=\"noreferrer noopener\">info@masdecolom.com<\/a>.<\/p>\n\n\n\n<p>De m\u00eame, l'Utilisateur recevra une preuve de sa commande de Mas de Colom - Casa Borges par email au nom de <a href=\"mailto:info@masdecolom.com\" target=\"_blank\" rel=\"noreferrer noopener\">info@masdecolom.com<\/a>.<\/p>\n\n\n\n<p><strong>Politique de retour<\/strong><\/p>\n\n\n\n<p>Les annulations avec remboursement du montant ou les changements de date ne sont pas autoris\u00e9s.<\/p>\n\n\n\n<p>L'argent sera restitu\u00e9 au cas o\u00f9 l'organisation annule l'activit\u00e9 pour des raisons de force majeure.<\/p>\n","protected":false},"excerpt":{"rendered":"<p>Conditions d\u2019utilisation de la page Gr\u00e2ce \u00e0 cette page Web on facilite l'acc\u00e8s au portail web de BORGES INTERNATIONAL GROUP, S.L.U, d\u00e9sormais BIG. Le fait d'\u00eatre connect\u00e9 \u00e0 cette page Web implique l'acceptation du pr\u00e9sent avertissement l\u00e9gal. Identification de la soci\u00e9t\u00e9 Conform\u00e9ment \u00e0 l'article 10 de la loi sur les services de la soci\u00e9t\u00e9 de [&hellip;]<\/p>\n","protected":false},"author":2,"featured_media":0,"parent":0,"menu_order":0,"comment_status":"closed","ping_status":"closed","template":"","meta":{"_acf_changed":false,"footnotes":""},"pages_templates":[8],"class_list":["post-882","page","type-page","status-publish","hentry","pages_templates-legal-pages"],"acf":[],"yoast_head":"<!-- This site is optimized with the Yoast SEO plugin v27.3 - https:\/\/yoast.com\/product\/yoast-seo-wordpress\/ -->\n<title>AVERTISSEMENT LEGAL ET CONDITIONS D&#039;ACHAT - Mas de Colom<\/title>\n<meta name=\"robots\" content=\"index, follow, max-snippet:-1, max-image-preview:large, max-video-preview:-1\" \/>\n<link rel=\"canonical\" href=\"https:\/\/masdecolom.com\/fr\/avertissement-legal\/\" \/>\n<meta property=\"og:locale\" content=\"fr_FR\" \/>\n<meta property=\"og:type\" content=\"article\" \/>\n<meta property=\"og:title\" content=\"AVERTISSEMENT LEGAL ET CONDITIONS D&#039;ACHAT - Mas de Colom\" \/>\n<meta property=\"og:description\" content=\"Conditions d\u2019utilisation de la page Gr\u00e2ce \u00e0 cette page Web on facilite l&#039;acc\u00e8s au portail web de BORGES INTERNATIONAL GROUP, S.L.U, d\u00e9sormais BIG. Le fait d&#039;\u00eatre connect\u00e9 \u00e0 cette page Web implique l&#039;acceptation du pr\u00e9sent avertissement l\u00e9gal. Identification de la soci\u00e9t\u00e9 Conform\u00e9ment \u00e0 l&#039;article 10 de la loi sur les services de la soci\u00e9t\u00e9 de [&hellip;]\" \/>\n<meta property=\"og:url\" content=\"https:\/\/masdecolom.com\/fr\/avertissement-legal\/\" \/>\n<meta property=\"og:site_name\" content=\"Mas de Colom\" \/>\n<meta property=\"article:modified_time\" content=\"2023-06-14T11:13:52+00:00\" \/>\n<meta name=\"twitter:card\" content=\"summary_large_image\" \/>\n<meta name=\"twitter:label1\" content=\"Dur\u00e9e de lecture estim\u00e9e\" \/>\n\t<meta name=\"twitter:data1\" content=\"2 minutes\" \/>\n<script type=\"application\/ld+json\" class=\"yoast-schema-graph\">{\"@context\":\"https:\\\/\\\/schema.org\",\"@graph\":[{\"@type\":\"WebPage\",\"@id\":\"https:\\\/\\\/masdecolom.com\\\/fr\\\/avertissement-legal\\\/\",\"url\":\"https:\\\/\\\/masdecolom.com\\\/fr\\\/avertissement-legal\\\/\",\"name\":\"AVERTISSEMENT LEGAL ET CONDITIONS D'ACHAT - Mas de Colom\",\"isPartOf\":{\"@id\":\"https:\\\/\\\/masdecolom.com\\\/fr\\\/#website\"},\"datePublished\":\"2021-09-27T13:16:44+00:00\",\"dateModified\":\"2023-06-14T11:13:52+00:00\",\"breadcrumb\":{\"@id\":\"https:\\\/\\\/masdecolom.com\\\/fr\\\/avertissement-legal\\\/#breadcrumb\"},\"inLanguage\":\"fr-FR\",\"potentialAction\":[{\"@type\":\"ReadAction\",\"target\":[\"https:\\\/\\\/masdecolom.com\\\/fr\\\/avertissement-legal\\\/\"]}]},{\"@type\":\"BreadcrumbList\",\"@id\":\"https:\\\/\\\/masdecolom.com\\\/fr\\\/avertissement-legal\\\/#breadcrumb\",\"itemListElement\":[{\"@type\":\"ListItem\",\"position\":1,\"name\":\"Inici\",\"item\":\"https:\\\/\\\/masdecolom.com\\\/fr\\\/\"},{\"@type\":\"ListItem\",\"position\":2,\"name\":\"AVERTISSEMENT LEGAL ET CONDITIONS D'ACHAT\"}]},{\"@type\":\"WebSite\",\"@id\":\"https:\\\/\\\/masdecolom.com\\\/fr\\\/#website\",\"url\":\"https:\\\/\\\/masdecolom.com\\\/fr\\\/\",\"name\":\"Mas de Colom\",\"description\":\"Casa Borges\",\"potentialAction\":[{\"@type\":\"SearchAction\",\"target\":{\"@type\":\"EntryPoint\",\"urlTemplate\":\"https:\\\/\\\/masdecolom.com\\\/fr\\\/?s={search_term_string}\"},\"query-input\":{\"@type\":\"PropertyValueSpecification\",\"valueRequired\":true,\"valueName\":\"search_term_string\"}}],\"inLanguage\":\"fr-FR\"}]}<\/script>\n<!-- \/ Yoast SEO plugin. -->","yoast_head_json":{"title":"AVERTISSEMENT LEGAL ET CONDITIONS D'ACHAT - Mas de Colom","robots":{"index":"index","follow":"follow","max-snippet":"max-snippet:-1","max-image-preview":"max-image-preview:large","max-video-preview":"max-video-preview:-1"},"canonical":"https:\/\/masdecolom.com\/fr\/avertissement-legal\/","og_locale":"fr_FR","og_type":"article","og_title":"AVERTISSEMENT LEGAL ET CONDITIONS D'ACHAT - Mas de Colom","og_description":"Conditions d\u2019utilisation de la page Gr\u00e2ce \u00e0 cette page Web on facilite l'acc\u00e8s au portail web de BORGES INTERNATIONAL GROUP, S.L.U, d\u00e9sormais BIG. Le fait d'\u00eatre connect\u00e9 \u00e0 cette page Web implique l'acceptation du pr\u00e9sent avertissement l\u00e9gal. Identification de la soci\u00e9t\u00e9 Conform\u00e9ment \u00e0 l'article 10 de la loi sur les services de la soci\u00e9t\u00e9 de [&hellip;]","og_url":"https:\/\/masdecolom.com\/fr\/avertissement-legal\/","og_site_name":"Mas de Colom","article_modified_time":"2023-06-14T11:13:52+00:00","twitter_card":"summary_large_image","twitter_misc":{"Dur\u00e9e de lecture estim\u00e9e":"2 minutes"},"schema":{"@context":"https:\/\/schema.org","@graph":[{"@type":"WebPage","@id":"https:\/\/masdecolom.com\/fr\/avertissement-legal\/","url":"https:\/\/masdecolom.com\/fr\/avertissement-legal\/","name":"AVERTISSEMENT LEGAL ET CONDITIONS D'ACHAT - Mas de Colom","isPartOf":{"@id":"https:\/\/masdecolom.com\/fr\/#website"},"datePublished":"2021-09-27T13:16:44+00:00","dateModified":"2023-06-14T11:13:52+00:00","breadcrumb":{"@id":"https:\/\/masdecolom.com\/fr\/avertissement-legal\/#breadcrumb"},"inLanguage":"fr-FR","potentialAction":[{"@type":"ReadAction","target":["https:\/\/masdecolom.com\/fr\/avertissement-legal\/"]}]},{"@type":"BreadcrumbList","@id":"https:\/\/masdecolom.com\/fr\/avertissement-legal\/#breadcrumb","itemListElement":[{"@type":"ListItem","position":1,"name":"Inici","item":"https:\/\/masdecolom.com\/fr\/"},{"@type":"ListItem","position":2,"name":"AVERTISSEMENT LEGAL ET CONDITIONS D'ACHAT"}]},{"@type":"WebSite","@id":"https:\/\/masdecolom.com\/fr\/#website","url":"https:\/\/masdecolom.com\/fr\/","name":"Mas de Colom","description":"Casa Borges","potentialAction":[{"@type":"SearchAction","target":{"@type":"EntryPoint","urlTemplate":"https:\/\/masdecolom.com\/fr\/?s={search_term_string}"},"query-input":{"@type":"PropertyValueSpecification","valueRequired":true,"valueName":"search_term_string"}}],"inLanguage":"fr-FR"}]}},"_links":{"self":[{"href":"https:\/\/masdecolom.com\/fr\/wp-json\/wp\/v2\/pages\/882","targetHints":{"allow":["GET"]}}],"collection":[{"href":"https:\/\/masdecolom.com\/fr\/wp-json\/wp\/v2\/pages"}],"about":[{"href":"https:\/\/masdecolom.com\/fr\/wp-json\/wp\/v2\/types\/page"}],"author":[{"embeddable":true,"href":"https:\/\/masdecolom.com\/fr\/wp-json\/wp\/v2\/users\/2"}],"replies":[{"embeddable":true,"href":"https:\/\/masdecolom.com\/fr\/wp-json\/wp\/v2\/comments?post=882"}],"version-history":[{"count":3,"href":"https:\/\/masdecolom.com\/fr\/wp-json\/wp\/v2\/pages\/882\/revisions"}],"predecessor-version":[{"id":1884,"href":"https:\/\/masdecolom.com\/fr\/wp-json\/wp\/v2\/pages\/882\/revisions\/1884"}],"wp:attachment":[{"href":"https:\/\/masdecolom.com\/fr\/wp-json\/wp\/v2\/media?parent=882"}],"wp:term":[{"taxonomy":"pages_templates","embeddable":true,"href":"https:\/\/masdecolom.com\/fr\/wp-json\/wp\/v2\/pages_templates?post=882"}],"curies":[{"name":"wp","href":"https:\/\/api.w.org\/{rel}","templated":true}]}}