{"id":954,"date":"2021-09-29T16:04:32","date_gmt":"2021-09-29T14:04:32","guid":{"rendered":"http:\/\/mascoloms.volcanicvalley.com\/politique-des-cookies\/"},"modified":"2021-09-29T16:06:35","modified_gmt":"2021-09-29T14:06:35","slug":"politique-des-cookies","status":"publish","type":"page","link":"https:\/\/masdecolom.com\/fr\/politique-des-cookies\/","title":{"rendered":"POLITIQUE DES COOKIES"},"content":{"rendered":"\n<p><strong>POLITIQUE DES COOKIES DU WEB<\/strong><\/p>\n\n\n\n<p><strong>En ce qui concerne les cookies pendant la navigation<\/strong><\/p>\n\n\n\n<p>Le cookie (ou cookie informatique) est une petite information envoy\u00e9e par un site Web et stock\u00e9e dans le navigateur de l\u2019utilisateur, afin que le site puisse consulter l\u2019activit\u00e9 ant\u00e9rieure de l\u2019utilisateur.\n<\/p>\n\n\n\n<p>Tableau des cookies de ce portail<\/p>\n\n\n\n<figure class=\"wp-block-table is-style-stripes\"><table><tbody><tr><td><strong>Nom du cookie<\/strong><\/td><td><strong>Type<\/strong><\/td><td><strong>Cible<\/strong><\/td><td><strong>Dur\u00e9e de vie<\/strong><\/td><\/tr><tr><td>viewed_cookie_policy<\/td><td>N\u00e9cessaire<\/td><td>Le cookie est d\u00e9fini par le connecteur de consentement aux cookies du RGPD et est utilis\u00e9 pour indiquer si l\u2019utilisateur a consenti \u00e0 l\u2019utilisation de cookies. Il ne stocke aucune donn\u00e9e personnelle.<\/td><td>11 mois<\/td><\/tr><tr><td>cookielawinfo-checkbox-non- necessary<\/td><td>N\u00e9cessaire<\/td><td>Ce cookie est d\u00e9fini par le compl\u00e9ment de consentement aux cookies GDPR. Les cookies sont utilis\u00e9s pour donner le consentement de l\u2019utilisateur aux cookies dans la cat\u00e9gorie \u00ab&nbsp;Non requis&nbsp;\u00bb.<\/td><td>1 an<\/td><\/tr><tr><td>cookielawinfo-checkbox-necessary<\/td><td>N\u00e9cessaire<\/td><td>Ce cookie est d\u00e9fini par le compl\u00e9ment de consentement aux cookies GDPR. Les cookies sont utilis\u00e9s pour donner le consentement de l\u2019utilisateur aux cookies dans la cat\u00e9gorie \u00ab&nbsp;Obligatoire&nbsp;\u00bb.<\/td><td>1 an<\/td><\/tr><tr><td>PHPSESSID<\/td><td>N\u00e9cessaire<\/td><td>Ce cookie est originaire des applications HTML. Le cookie est utilis\u00e9 pour stocker et identifier l\u2019identification de session unique d\u2019un utilisateur afin de g\u00e9rer la session de l\u2019utilisateur sur le site. Le cookie est un cookie de session et est supprim\u00e9 lorsque toutes les fen\u00eatres du navigateur sont ferm\u00e9es.<\/td><td>1 an<\/td><\/tr><tr><td>test_cookie<\/td><td>N\u00e9cessaire<\/td><td>Essayez l\u2019insertion de cookies.<\/td><td>11 mois<\/td><\/tr><tr><td>_ga<\/td><td>Statistiques<\/td><td>Ce cookie est install\u00e9 par Google Analytics. Le cookie est utilis\u00e9 pour calculer les donn\u00e9es des visiteurs, des sessions et des campagnes et pour suivre l\u2019utilisation du site pour le rapport d\u2019analyse du site. Les cookies stockent des informations de mani\u00e8re anonyme et attribuent un num\u00e9ro g\u00e9n\u00e9r\u00e9 au hasard pour identifier les visiteurs uniques.<\/td><td>2 ans<\/td><\/tr><tr><td>_gat<\/td><td>Statistiques<\/td><td>Ces cookies sont install\u00e9s par Google Universal Analytics pour limiter le pourcentage d\u2019applications afin de limiter la collecte de donn\u00e9es dans les zones \u00e0 fort trafic.<\/td><td>1 minute<\/td><\/tr><tr><td>_gid<\/td><td>Statistiques<\/td><td>Ce cookie est install\u00e9 par Google Analytics. Le cookie est utilis\u00e9 pour ajouter des informations sur la fa\u00e7on dont les visiteurs utilisent un site Web et aide \u00e0 cr\u00e9er un rapport analytique sur les performances du site Web. Les donn\u00e9es recueillies comprennent le nombre de visiteurs, la source d\u2019o\u00f9 ils viennent et les pages visit\u00e9es anonymement.<\/td><td>1 jour<\/td><\/tr><tr><td>IDE<\/td><td>Comportement<\/td><td>Utilis\u00e9 par Google DoubleClick et stocke des informations sur la fa\u00e7on dont l\u2019utilisateur utilise le site Web et toute autre publicit\u00e9 avant de le visiter. Il est utilis\u00e9 pour pr\u00e9senter aux utilisateurs des publicit\u00e9s qui leur sont pertinentes en fonction de leur profil utilisateur.<\/td><td>2 ans<\/td><\/tr><tr><td>CSC<\/td><td>Comportement<\/td><td>Ces cookies sont d\u00e9finis par YouTube et utilis\u00e9s pour suivre les vues vid\u00e9o int\u00e9gr\u00e9es.<\/td><td>Chaque session<\/td><\/tr><tr><td>GPS<\/td><td>Comportement<\/td><td>Ce cookie est d\u00e9fini par YouTube et enregistre un identifiant unique pour le suivi de l\u2019utilisateur en fonction de son emplacement g\u00e9ographique.<\/td><td>Chaque session<\/td><\/tr><tr><td>VISITOR_INFO1_LIVE<\/td><td>Comportement<\/td><td>Ce cookie est d\u00e9fini par YouTube. Il est utilis\u00e9 pour suivre les informations des vid\u00e9os YouTube int\u00e9gr\u00e9es dans un site Web.<\/td><td>5 mois<\/td><\/tr><\/tbody><\/table><\/figure>\n\n\n\n<p><strong>G\u00c9RER LES COOKIES<\/strong><\/p>\n\n\n\n<p><strong>Vous pouvez autoriser, bloquer ou supprimer les cookies install\u00e9s sur votre ordinateur en connectant ce site Web ou en configurant les options du navigateur install\u00e9 sur votre ordinateur.<\/strong><\/p>\n\n\n\n<p>Si vous ne savez pas quel type et quelle version de votre navigateur vous utilisez pour acc\u00e9der \u00e0 Internet :<\/p>\n\n\n\n<p><strong>COMMENT G\u00c9RER LES COOKIES DANS WINDOWS<\/strong><\/p>\n\n\n\n<p><strong>Google Chrome<\/strong><\/p>\n\n\n\n<ol class=\"wp-block-list\"><li>Cliquez sur le menu Chrome dans la barre d\u2019outils du navigateur.<\/li><li>S\u00e9lectionnez \u00ab Param\u00e8tres \u00bb.<\/li><li>Cliquez sur \u00ab Afficher les options avanc\u00e9es ... \u00bb<\/li><li>Dans la section \u00ab Confidentialit\u00e9 \u00bb, cliquez sur le bouton \u00ab Param\u00e8tres de contenu... \u00bb.<\/li><li>Dans la section \u00ab Cookies \u00bb, vous pouvez configurer les options suivantes : Supprimer les cookies, bloquer ou autoriser les cookies par d\u00e9faut, inclure des exceptions aux cookies de certains domaines ou sites Web.<\/li><li>Pour plus d\u2019informations, consultez l\u2019aide de Google Chrome.<\/li><\/ol>\n\n\n\n<p><strong>Mozilla Firefox<\/strong><\/p>\n\n\n\n<ol class=\"wp-block-list\"><li>En haut de la fen\u00eatre Firefox, cliquez sur le bouton Firefox et s\u00e9lectionnez \u00ab Options \u00bb.<\/li><li>S\u00e9lectionnez le panneau \" Confidentialit\u00e9 \u00bb.<\/li><li>Dans \u00ab Firefox, vous pouvez choisir \u00ab Utiliser des param\u00e8tres personnalis\u00e9s pour l\u2019historique \u00bb.<\/li><li>Cochez l\u2019option \u00ab Accepter les cookies \u00bb pour les activer et d\u00e9cochez-les pour les d\u00e9sactiver.<\/li><li>Si vous ne souhaitez pas recevoir de cookies tiers, d\u00e9cochez \u00ab Accepter les cookies tiers \u00bb.<\/li><li>Vous pouvez consulter l\u2019aide de Mozilla pour plus d\u2019informations<\/li><\/ol>\n\n\n\n<p><strong>COMMENT G\u00c9RER LES COOKIES SUR MAC<\/strong><\/p>\n\n\n\n<p><strong>Google Chrome<\/strong><\/p>\n\n\n\n<ol class=\"wp-block-list\"><li>Cliquez sur le menu Chrome dans la barre d\u2019outils du navigateur.<\/li><li>S\u00e9lectionnez \u00ab Param\u00e8tres \u00bb.<\/li><li>Cliquez sur \u00ab Afficher les options avanc\u00e9es ... \u00bb<\/li><li>Dans la section \u00ab Confidentialit\u00e9 \u00bb, cliquez sur le bouton \u00ab Param\u00e8tres de contenu... \u00bb.<\/li><li>Dans la section \u00ab Cookies \u00bb, vous pouvez configurer les options suivantes : Supprimer les cookies, bloquer ou autoriser les cookies par d\u00e9faut, inclure des exceptions aux cookies de certains domaines ou sites Web.<\/li><\/ol>\n\n\n\n<p><strong>Mozilla Firefox<\/strong><\/p>\n\n\n\n<ol class=\"wp-block-list\"><li>Dans la barre de menu, cliquez sur le menu Firefox et s\u00e9lectionnez \u00ab Pr\u00e9f\u00e9rences ... \u00bb.<\/li><li>S\u00e9lectionnez le panneau de confidentialit\u00e9.<\/li><li>Dans \u00ab Firefox, vous pouvez choisir \u00ab Utiliser des param\u00e8tres personnalis\u00e9s pour l\u2019historique \u00bb.<\/li><li>Cochez l\u2019option \u00ab Accepter les cookies \u00bb pour les activer et d\u00e9cochez-les pour les d\u00e9sactiver.<\/li><li>Si vous ne souhaitez pas recevoir de cookies tiers, d\u00e9cochez \u00ab Accepter les cookies tiers \u00bb.<\/li><\/ol>\n","protected":false},"excerpt":{"rendered":"<p>POLITIQUE DES COOKIES DU WEB En ce qui concerne les cookies pendant la navigation Le cookie (ou cookie informatique) est une petite information envoy\u00e9e par un site Web et stock\u00e9e dans le navigateur de l\u2019utilisateur, afin que le site puisse consulter l\u2019activit\u00e9 ant\u00e9rieure de l\u2019utilisateur. Tableau des cookies de ce portail Nom du cookie Type [&hellip;]<\/p>\n","protected":false},"author":2,"featured_media":0,"parent":0,"menu_order":0,"comment_status":"closed","ping_status":"closed","template":"","meta":{"_acf_changed":false,"footnotes":""},"pages_templates":[8],"class_list":["post-954","page","type-page","status-publish","hentry","pages_templates-legal-pages"],"acf":[],"yoast_head":"<!-- This site is optimized with the Yoast SEO plugin v27.3 - https:\/\/yoast.com\/product\/yoast-seo-wordpress\/ -->\n<title>POLITIQUE DES COOKIES - Mas de Colom<\/title>\n<meta name=\"robots\" content=\"index, follow, max-snippet:-1, max-image-preview:large, max-video-preview:-1\" \/>\n<link rel=\"canonical\" href=\"https:\/\/masdecolom.com\/fr\/politique-des-cookies\/\" \/>\n<meta property=\"og:locale\" content=\"fr_FR\" \/>\n<meta property=\"og:type\" content=\"article\" \/>\n<meta property=\"og:title\" content=\"POLITIQUE DES COOKIES - Mas de Colom\" \/>\n<meta property=\"og:description\" content=\"POLITIQUE DES COOKIES DU WEB En ce qui concerne les cookies pendant la navigation Le cookie (ou cookie informatique) est une petite information envoy\u00e9e par un site Web et stock\u00e9e dans le navigateur de l\u2019utilisateur, afin que le site puisse consulter l\u2019activit\u00e9 ant\u00e9rieure de l\u2019utilisateur. Tableau des cookies de ce portail Nom du cookie Type [&hellip;]\" \/>\n<meta property=\"og:url\" content=\"https:\/\/masdecolom.com\/fr\/politique-des-cookies\/\" \/>\n<meta property=\"og:site_name\" content=\"Mas de Colom\" \/>\n<meta property=\"article:modified_time\" content=\"2021-09-29T14:06:35+00:00\" \/>\n<meta name=\"twitter:card\" content=\"summary_large_image\" \/>\n<meta name=\"twitter:label1\" content=\"Dur\u00e9e de lecture estim\u00e9e\" \/>\n\t<meta name=\"twitter:data1\" content=\"4 minutes\" \/>\n<script type=\"application\/ld+json\" class=\"yoast-schema-graph\">{\"@context\":\"https:\\\/\\\/schema.org\",\"@graph\":[{\"@type\":\"WebPage\",\"@id\":\"https:\\\/\\\/masdecolom.com\\\/fr\\\/politique-des-cookies\\\/\",\"url\":\"https:\\\/\\\/masdecolom.com\\\/fr\\\/politique-des-cookies\\\/\",\"name\":\"POLITIQUE DES COOKIES - Mas de Colom\",\"isPartOf\":{\"@id\":\"https:\\\/\\\/masdecolom.com\\\/fr\\\/#website\"},\"datePublished\":\"2021-09-29T14:04:32+00:00\",\"dateModified\":\"2021-09-29T14:06:35+00:00\",\"breadcrumb\":{\"@id\":\"https:\\\/\\\/masdecolom.com\\\/fr\\\/politique-des-cookies\\\/#breadcrumb\"},\"inLanguage\":\"fr-FR\",\"potentialAction\":[{\"@type\":\"ReadAction\",\"target\":[\"https:\\\/\\\/masdecolom.com\\\/fr\\\/politique-des-cookies\\\/\"]}]},{\"@type\":\"BreadcrumbList\",\"@id\":\"https:\\\/\\\/masdecolom.com\\\/fr\\\/politique-des-cookies\\\/#breadcrumb\",\"itemListElement\":[{\"@type\":\"ListItem\",\"position\":1,\"name\":\"Inici\",\"item\":\"https:\\\/\\\/masdecolom.com\\\/fr\\\/\"},{\"@type\":\"ListItem\",\"position\":2,\"name\":\"POLITIQUE DES COOKIES\"}]},{\"@type\":\"WebSite\",\"@id\":\"https:\\\/\\\/masdecolom.com\\\/fr\\\/#website\",\"url\":\"https:\\\/\\\/masdecolom.com\\\/fr\\\/\",\"name\":\"Mas de Colom\",\"description\":\"Casa Borges\",\"potentialAction\":[{\"@type\":\"SearchAction\",\"target\":{\"@type\":\"EntryPoint\",\"urlTemplate\":\"https:\\\/\\\/masdecolom.com\\\/fr\\\/?s={search_term_string}\"},\"query-input\":{\"@type\":\"PropertyValueSpecification\",\"valueRequired\":true,\"valueName\":\"search_term_string\"}}],\"inLanguage\":\"fr-FR\"}]}<\/script>\n<!-- \/ Yoast SEO plugin. -->","yoast_head_json":{"title":"POLITIQUE DES COOKIES - Mas de Colom","robots":{"index":"index","follow":"follow","max-snippet":"max-snippet:-1","max-image-preview":"max-image-preview:large","max-video-preview":"max-video-preview:-1"},"canonical":"https:\/\/masdecolom.com\/fr\/politique-des-cookies\/","og_locale":"fr_FR","og_type":"article","og_title":"POLITIQUE DES COOKIES - Mas de Colom","og_description":"POLITIQUE DES COOKIES DU WEB En ce qui concerne les cookies pendant la navigation Le cookie (ou cookie informatique) est une petite information envoy\u00e9e par un site Web et stock\u00e9e dans le navigateur de l\u2019utilisateur, afin que le site puisse consulter l\u2019activit\u00e9 ant\u00e9rieure de l\u2019utilisateur. Tableau des cookies de ce portail Nom du cookie Type [&hellip;]","og_url":"https:\/\/masdecolom.com\/fr\/politique-des-cookies\/","og_site_name":"Mas de Colom","article_modified_time":"2021-09-29T14:06:35+00:00","twitter_card":"summary_large_image","twitter_misc":{"Dur\u00e9e de lecture estim\u00e9e":"4 minutes"},"schema":{"@context":"https:\/\/schema.org","@graph":[{"@type":"WebPage","@id":"https:\/\/masdecolom.com\/fr\/politique-des-cookies\/","url":"https:\/\/masdecolom.com\/fr\/politique-des-cookies\/","name":"POLITIQUE DES COOKIES - Mas de Colom","isPartOf":{"@id":"https:\/\/masdecolom.com\/fr\/#website"},"datePublished":"2021-09-29T14:04:32+00:00","dateModified":"2021-09-29T14:06:35+00:00","breadcrumb":{"@id":"https:\/\/masdecolom.com\/fr\/politique-des-cookies\/#breadcrumb"},"inLanguage":"fr-FR","potentialAction":[{"@type":"ReadAction","target":["https:\/\/masdecolom.com\/fr\/politique-des-cookies\/"]}]},{"@type":"BreadcrumbList","@id":"https:\/\/masdecolom.com\/fr\/politique-des-cookies\/#breadcrumb","itemListElement":[{"@type":"ListItem","position":1,"name":"Inici","item":"https:\/\/masdecolom.com\/fr\/"},{"@type":"ListItem","position":2,"name":"POLITIQUE DES COOKIES"}]},{"@type":"WebSite","@id":"https:\/\/masdecolom.com\/fr\/#website","url":"https:\/\/masdecolom.com\/fr\/","name":"Mas de Colom","description":"Casa Borges","potentialAction":[{"@type":"SearchAction","target":{"@type":"EntryPoint","urlTemplate":"https:\/\/masdecolom.com\/fr\/?s={search_term_string}"},"query-input":{"@type":"PropertyValueSpecification","valueRequired":true,"valueName":"search_term_string"}}],"inLanguage":"fr-FR"}]}},"_links":{"self":[{"href":"https:\/\/masdecolom.com\/fr\/wp-json\/wp\/v2\/pages\/954","targetHints":{"allow":["GET"]}}],"collection":[{"href":"https:\/\/masdecolom.com\/fr\/wp-json\/wp\/v2\/pages"}],"about":[{"href":"https:\/\/masdecolom.com\/fr\/wp-json\/wp\/v2\/types\/page"}],"author":[{"embeddable":true,"href":"https:\/\/masdecolom.com\/fr\/wp-json\/wp\/v2\/users\/2"}],"replies":[{"embeddable":true,"href":"https:\/\/masdecolom.com\/fr\/wp-json\/wp\/v2\/comments?post=954"}],"version-history":[{"count":2,"href":"https:\/\/masdecolom.com\/fr\/wp-json\/wp\/v2\/pages\/954\/revisions"}],"predecessor-version":[{"id":956,"href":"https:\/\/masdecolom.com\/fr\/wp-json\/wp\/v2\/pages\/954\/revisions\/956"}],"wp:attachment":[{"href":"https:\/\/masdecolom.com\/fr\/wp-json\/wp\/v2\/media?parent=954"}],"wp:term":[{"taxonomy":"pages_templates","embeddable":true,"href":"https:\/\/masdecolom.com\/fr\/wp-json\/wp\/v2\/pages_templates?post=954"}],"curies":[{"name":"wp","href":"https:\/\/api.w.org\/{rel}","templated":true}]}}